{"id":296,"date":"2023-02-28T08:30:08","date_gmt":"2023-02-28T08:30:08","guid":{"rendered":"https:\/\/homevietnameserestaurants.com\/?page_id=296"},"modified":"2025-03-21T03:57:17","modified_gmt":"2025-03-21T03:57:17","slug":"home-sai-gon","status":"publish","type":"page","link":"https:\/\/homevietnameserestaurants.com\/vi\/concept\/home-sai-gon\/","title":{"rendered":"HOME S\u00c0I G\u00d2N"},"content":{"rendered":"<section class=\"wpb-content-wrapper\"><div class=\"vc_row wpb_row vc_row-fluid\"><div class=\"wpb_column vc_column_container vc_col-sm-12\"><div class=\"vc_column-inner\"><div class=\"wpb_wrapper\">\n\t<div class=\"wpb_text_column wpb_content_element\" >\n\t\t<div class=\"wpb_wrapper\">\n\t\t\t<h2 style=\"text-align: center;\"><strong><span style=\"font-size: 12pt;\">Ng\u00f4i Nh\u00e0 T\u00f4n Vinh \u1ea8m Th\u1ef1c Vi\u1ec7t<\/span><\/strong><\/h2>\n<p style=\"text-align: center;\"><span style=\"font-size: 12pt;\">HOME S\u00e0i G\u00f2n - m\u1ed9t h\u00e0nh tr\u00ecnh kh\u00e1m ph\u00e1 \u1ea9m th\u1ef1c Vi\u1ec7t Nam ngay gi\u1eefa l\u00f2ng TP. H\u1ed3 Ch\u00ed Minh, n\u01a1i c\u00e1c m\u00f3n \u0103n truy\u1ec1n th\u1ed1ng \u0111\u01b0\u1ee3c n\u00e2ng t\u1ea7m v\u1edbi phong c\u00e1ch tinh t\u1ebf. <\/span><\/p>\n<p style=\"text-align: center;\"><span style=\"font-size: 12pt;\">T\u1ecda l\u1ea1c tr\u00ean \u0111\u01b0\u1eddng \u0110i\u1ec7n Bi\u00ean Ph\u1ee7, Qu\u1eadn 3, nh\u00e0 h\u00e0ng n\u1eb1m trong c\u0103n bi\u1ec7t th\u1ef1 c\u1ed5 mang phong c\u00e1ch Art Deco, g\u1ea7n c\u00e1c tr\u01b0\u1eddng h\u1ecdc v\u00e0 \u0111\u1ecba danh l\u1ecbch s\u1eed n\u1ed5i ti\u1ebfng. Kh\u00f4ng gian t\u1ea1i HOME S\u00e0i G\u00f2n mang n\u00e9t thanh l\u1ecbch v\u00e0 hi\u1ec7n \u0111\u1ea1i, v\u1edbi t\u00f4ng m\u00e0u tr\u1ea7m \u1ea5m v\u00e0 xanh navy t\u1ea1o n\u00ean v\u1ebb \u0111\u1eb9p sang tr\u1ecdng. Nh\u00e0 h\u00e0ng c\u00f2n s\u1edf h\u1eefu h\u1ec7 th\u1ed1ng ph\u00f2ng ri\u00eang \u1ea5m c\u00fang, ban c\u00f4ng tho\u00e1ng \u0111\u00e3ng, s\u00e2n hi\u00ean xanh m\u00e1t, c\u00f9ng nh\u1eefng g\u00f3c nh\u1ecf y\u00ean b\u00ecnh v\u1edbi hoa c\u1ecf \u0111\u1ea7y th\u01b0 gi\u00e3n, \u0111\u00fang nh\u01b0 t\u00ean g\u1ecdi c\u1ee7a m\u00ecnh.<\/span><\/p>\n\n\t\t<\/div>\n\t<\/div>\n<\/div><\/div><\/div><\/div>\n<\/section>","protected":false},"excerpt":{"rendered":"A HOME THAT HONORS VIETNAMESE CUISINE HOME Saigon - a Vietnamese restaurant in Ho Chi Minh City, is an adventure in Vietnamese authentic cuisine that takes traditional food to the next level of sophistication. Located on Dien Bien Phu Street in District 3, the renovated art deco-style villa is close to a number of historic ... <a title=\"HOME S\u00c0I G\u00d2N\" class=\"read-more\" href=\"https:\/\/homevietnameserestaurants.com\/vi\/concept\/home-sai-gon\/\" aria-label=\"More on HOME SAIGON\">\u0110\u1ecdc th\u00eam<\/a>","protected":false},"author":1,"featured_media":708,"parent":223,"menu_order":0,"comment_status":"closed","ping_status":"closed","template":"templates\/concept_detail.php","meta":{"inline_featured_image":false},"acf":[],"_links":{"self":[{"href":"https:\/\/homevietnameserestaurants.com\/vi\/wp-json\/wp\/v2\/pages\/296"}],"collection":[{"href":"https:\/\/homevietnameserestaurants.com\/vi\/wp-json\/wp\/v2\/pages"}],"about":[{"href":"https:\/\/homevietnameserestaurants.com\/vi\/wp-json\/wp\/v2\/types\/page"}],"author":[{"embeddable":true,"href":"https:\/\/homevietnameserestaurants.com\/vi\/wp-json\/wp\/v2\/users\/1"}],"replies":[{"embeddable":true,"href":"https:\/\/homevietnameserestaurants.com\/vi\/wp-json\/wp\/v2\/comments?post=296"}],"version-history":[{"count":10,"href":"https:\/\/homevietnameserestaurants.com\/vi\/wp-json\/wp\/v2\/pages\/296\/revisions"}],"predecessor-version":[{"id":1077,"href":"https:\/\/homevietnameserestaurants.com\/vi\/wp-json\/wp\/v2\/pages\/296\/revisions\/1077"}],"up":[{"embeddable":true,"href":"https:\/\/homevietnameserestaurants.com\/vi\/wp-json\/wp\/v2\/pages\/223"}],"wp:featuredmedia":[{"embeddable":true,"href":"https:\/\/homevietnameserestaurants.com\/vi\/wp-json\/wp\/v2\/media\/708"}],"wp:attachment":[{"href":"https:\/\/homevietnameserestaurants.com\/vi\/wp-json\/wp\/v2\/media?parent=296"}],"curies":[{"name":"wp","href":"https:\/\/api.w.org\/{rel}","templated":true}]}}