{"id":290,"date":"2023-02-28T08:45:22","date_gmt":"2023-02-28T08:45:22","guid":{"rendered":"https:\/\/homevietnameserestaurants.com\/?page_id=290"},"modified":"2025-03-21T03:53:36","modified_gmt":"2025-03-21T03:53:36","slug":"home-hoian","status":"publish","type":"page","link":"https:\/\/homevietnameserestaurants.com\/vi\/concept\/home-hoian\/","title":{"rendered":"HOME H\u1ed8I AN"},"content":{"rendered":"<h2 style=\"text-align: center;\"><strong>N\u00e2ng T\u1ea7m Tr\u1ea3i Nghi\u1ec7m \u1ea8m Th\u1ef1c Vi\u1ec7t T\u1ea1i \u201cHuy\u1ec1n Tho\u1ea1i\u201d H\u1ed9i An<\/strong><\/h2>\n<p style=\"text-align: center;\">T\u1ecda l\u1ea1c gi\u1eefa trung t\u00e2m Ph\u1ed1 c\u1ed5 H\u1ed9i An, g\u1ea7n c\u00e1c \u0111\u1ecba \u0111i\u1ec3m du l\u1ecbch n\u1ed5i ti\u1ebfng nh\u01b0 Ch\u1ee3 \u0111\u00eam H\u1ed9i An, HOME H\u1ed9i An mang \u0111\u1ebfn s\u1ef1 thu\u1eadn ti\u1ec7n cho du kh\u00e1ch trong h\u00e0nh tr\u00ecnh kh\u00e1m ph\u00e1 v\u00f9ng \u0111\u1ea5t Di s\u1ea3n.<\/p>\n<p style=\"text-align: center;\">Th\u01b0\u1edfng th\u1ee9c \u1ea9m th\u1ef1c trong kh\u00f4ng gian sang tr\u1ecdng, tinh t\u1ebf v\u00e0 t\u1eadn h\u01b0\u1edfng th\u1ef1c \u0111\u01a1n \u0111a d\u1ea1ng, t\u1eeb c\u00e1c m\u00f3n \u0111\u1eb7c s\u1ea3n H\u1ed9i An \u0111\u1ebfn h\u01b0\u01a1ng v\u1ecb Vi\u1ec7t truy\u1ec1n th\u1ed1ng. D\u00f9 b\u1ea1n d\u00f9ng b\u1eefa m\u1ed9t m\u00ecnh hay \u0111i c\u00f9ng h\u1ed9i nh\u00f3m, th\u1ef1c \u0111\u01a1n set c\u1ee7a ch\u00fang t\u00f4i \u0111\u1ec1u \u0111\u00e1p \u1ee9ng m\u1ecdi kh\u1ea9u v\u1ecb.<\/p>\n<p style=\"text-align: center;\">D\u1ecbch v\u1ee5 chuy\u00ean nghi\u1ec7p, t\u1eadn t\u00e2m c\u00f9ng s\u1ef1 t\u1ec9 m\u1ec9 trong t\u1eebng chi ti\u1ebft s\u1ebd mang \u0111\u1ebfn cho th\u1ef1c kh\u00e1ch tr\u1ea3i nghi\u1ec7m tr\u1ecdn v\u1eb9n nh\u1ea5t.<\/p>\n<h6 style=\"text-align: center;\"><strong><em>C\u1ea3m \u01a1n b\u1ea1n \u0111\u00e3 ch\u1ecdn HOME H\u1ed9i An!<\/em><\/strong><\/h6>","protected":false},"excerpt":{"rendered":"<p>Elevate your exceptional indulgence in Vietnamese cuisine with pleasant experiences at Hoi An\u2019s \u201cLegend\u201d Located in the heart of the town &#8211; Hoi An Ancient Town, close to famous tourist attractions &#8211; Hoi An Night Market and more, HOME Hoi An offers convenient access for explorers. Experience our elegant dining space and savor our diverse &#8230; <a title=\"HOME H\u1ed8I AN\" class=\"read-more\" href=\"https:\/\/homevietnameserestaurants.com\/vi\/concept\/home-hoian\/\" aria-label=\"More on HOME HOI AN\">\u0110\u1ecdc th\u00eam<\/a><\/p>","protected":false},"author":1,"featured_media":884,"parent":223,"menu_order":0,"comment_status":"closed","ping_status":"closed","template":"templates\/concept_detail.php","meta":{"inline_featured_image":false},"acf":[],"_links":{"self":[{"href":"https:\/\/homevietnameserestaurants.com\/vi\/wp-json\/wp\/v2\/pages\/290"}],"collection":[{"href":"https:\/\/homevietnameserestaurants.com\/vi\/wp-json\/wp\/v2\/pages"}],"about":[{"href":"https:\/\/homevietnameserestaurants.com\/vi\/wp-json\/wp\/v2\/types\/page"}],"author":[{"embeddable":true,"href":"https:\/\/homevietnameserestaurants.com\/vi\/wp-json\/wp\/v2\/users\/1"}],"replies":[{"embeddable":true,"href":"https:\/\/homevietnameserestaurants.com\/vi\/wp-json\/wp\/v2\/comments?post=290"}],"version-history":[{"count":6,"href":"https:\/\/homevietnameserestaurants.com\/vi\/wp-json\/wp\/v2\/pages\/290\/revisions"}],"predecessor-version":[{"id":1075,"href":"https:\/\/homevietnameserestaurants.com\/vi\/wp-json\/wp\/v2\/pages\/290\/revisions\/1075"}],"up":[{"embeddable":true,"href":"https:\/\/homevietnameserestaurants.com\/vi\/wp-json\/wp\/v2\/pages\/223"}],"wp:featuredmedia":[{"embeddable":true,"href":"https:\/\/homevietnameserestaurants.com\/vi\/wp-json\/wp\/v2\/media\/884"}],"wp:attachment":[{"href":"https:\/\/homevietnameserestaurants.com\/vi\/wp-json\/wp\/v2\/media?parent=290"}],"curies":[{"name":"wp","href":"https:\/\/api.w.org\/{rel}","templated":true}]}}