{"id":260,"date":"2023-02-28T09:00:23","date_gmt":"2023-02-28T09:00:23","guid":{"rendered":"https:\/\/homevietnameserestaurants.com\/?page_id=260"},"modified":"2025-03-21T03:49:21","modified_gmt":"2025-03-21T03:49:21","slug":"home-hanoi","status":"publish","type":"page","link":"https:\/\/homevietnameserestaurants.com\/vi\/concept\/home-hanoi\/","title":{"rendered":"HOME H\u00c0 N\u1ed8I"},"content":{"rendered":"<h2 style=\"text-align: center;\"><span style=\"font-size: 24pt;\"><strong>Ph\u1ea3n Chi\u1ebfu Tinh Th\u1ea7n Vi\u1ec7t<\/strong><\/span><\/h2>\n<p style=\"text-align: center;\"><span style=\"font-size: 12pt;\">V\u1eefng v\u00e0ng tr\u00ean n\u1ec1n t\u1ea3ng truy\u1ec1n th\u1ed1ng nh\u01b0ng kh\u00f4ng ng\u1eebng \u0111\u1ed5i m\u1edbi, HOME h\u01b0\u1edbng t\u1edbi tr\u1edf th\u00e0nh nh\u00e0 h\u00e0ng Vi\u1ec7t cao c\u1ea5p trong l\u00f2ng th\u1ef1c kh\u00e1ch. HOME H\u00e0 N\u1ed9i t\u1ef1 h\u00e0o mang \u0111\u1ebfn nh\u1eefng tinh hoa \u1ea9m th\u1ef1c \u0111\u1eb7c tr\u01b0ng c\u1ee7a v\u00f9ng \u0111\u1ea5t H\u00e0 th\u00e0nh v\u1edbi t\u00e2m ni\u1ec7m m\u1ed7i v\u1ecb kh\u00e1ch khi r\u1eddi \u0111i \u0111\u1ec1u th\u00eam y\u00eau m\u1ebfn v\u00e0 tr\u00e2n tr\u1ecdng n\u1ec1n \u1ea9m th\u1ef1c Vi\u1ec7t Nam. <\/span><span style=\"font-size: 12pt;\">HOME Hanoi restaurant prides itself on offering the very best of Hanoi specialties and trusts that each of the diners will leave the doors equally passionate about Vietnamese cuisine. <\/span><\/p>\n<p style=\"text-align: center;\"><span style=\"font-size: 12pt;\">M\u1ed7i b\u1eefa \u0103n t\u1ea1i HOME H\u00e0 N\u1ed9i kh\u00f4ng ch\u1ec9 \u0111\u01a1n thu\u1ea7n l\u00e0 s\u1ef1 th\u01b0\u1edfng th\u1ee9c, m\u00e0 c\u00f2n l\u00e0 h\u00e0nh tr\u00ecnh kh\u00e1m ph\u00e1 v\u0103n h\u00f3a, l\u1ecbch s\u1eed v\u00e0 di s\u1ea3n Vi\u1ec7t Nam qua t\u1eebng h\u01b0\u01a1ng v\u1ecb, c\u1ea3m x\u00fac v\u00e0 tr\u1ea3i nghi\u1ec7m.<\/span><\/p>\n<h6 style=\"text-align: center;\"><strong><em>C\u1ea3m \u01a1n b\u1ea1n \u0111\u00e3 ch\u1ecdn HOME H\u00e0 N\u1ed9i!<\/em><\/strong><\/h6>","protected":false},"excerpt":{"rendered":"<p>Mirror the Vietnamese Spirit With one foot in the past and another boldly stepping into the future, HOME is poised to become the next high-class Vietnamese restaurant in town. HOME Hanoi restaurant prides itself on offering the very best of Hanoi specialties and trusts that each of the diners will leave the doors equally passionate &#8230; <a title=\"HOME H\u00c0 N\u1ed8I\" class=\"read-more\" href=\"https:\/\/homevietnameserestaurants.com\/vi\/concept\/home-hanoi\/\" aria-label=\"More on HOME HANOI\">\u0110\u1ecdc th\u00eam<\/a><\/p>","protected":false},"author":1,"featured_media":899,"parent":223,"menu_order":0,"comment_status":"closed","ping_status":"closed","template":"templates\/concept_detail.php","meta":{"inline_featured_image":false},"acf":[],"_links":{"self":[{"href":"https:\/\/homevietnameserestaurants.com\/vi\/wp-json\/wp\/v2\/pages\/260"}],"collection":[{"href":"https:\/\/homevietnameserestaurants.com\/vi\/wp-json\/wp\/v2\/pages"}],"about":[{"href":"https:\/\/homevietnameserestaurants.com\/vi\/wp-json\/wp\/v2\/types\/page"}],"author":[{"embeddable":true,"href":"https:\/\/homevietnameserestaurants.com\/vi\/wp-json\/wp\/v2\/users\/1"}],"replies":[{"embeddable":true,"href":"https:\/\/homevietnameserestaurants.com\/vi\/wp-json\/wp\/v2\/comments?post=260"}],"version-history":[{"count":8,"href":"https:\/\/homevietnameserestaurants.com\/vi\/wp-json\/wp\/v2\/pages\/260\/revisions"}],"predecessor-version":[{"id":1073,"href":"https:\/\/homevietnameserestaurants.com\/vi\/wp-json\/wp\/v2\/pages\/260\/revisions\/1073"}],"up":[{"embeddable":true,"href":"https:\/\/homevietnameserestaurants.com\/vi\/wp-json\/wp\/v2\/pages\/223"}],"wp:featuredmedia":[{"embeddable":true,"href":"https:\/\/homevietnameserestaurants.com\/vi\/wp-json\/wp\/v2\/media\/899"}],"wp:attachment":[{"href":"https:\/\/homevietnameserestaurants.com\/vi\/wp-json\/wp\/v2\/media?parent=260"}],"curies":[{"name":"wp","href":"https:\/\/api.w.org\/{rel}","templated":true}]}}