{"id":223,"date":"2023-02-27T08:43:48","date_gmt":"2023-02-27T08:43:48","guid":{"rendered":"https:\/\/homevietnameserestaurants.com\/?page_id=223"},"modified":"2025-03-21T03:27:45","modified_gmt":"2025-03-21T03:27:45","slug":"concept","status":"publish","type":"page","link":"https:\/\/homevietnameserestaurants.com\/vi\/concept\/","title":{"rendered":"M\u00f4 h\u00ecnh"},"content":{"rendered":"<section class=\"wpb-content-wrapper\"><div class=\"vc_row wpb_row vc_row-fluid\"><div class=\"wpb_column vc_column_container vc_col-sm-12\"><div class=\"vc_column-inner\"><div class=\"wpb_wrapper\">\n\t<div class=\"wpb_text_column wpb_content_element\" >\n\t\t<div class=\"wpb_wrapper\">\n\t\t\t<p style=\"text-align: center;\">S\u1ef1 gi\u00e0u c\u00f3 v\u00e0 \u0111a d\u1ea1ng, <span class=\"notion-enable-hover\" data-token-index=\"1\">characteristics<\/span> <span class=\"notion-enable-hover\" data-token-index=\"3\">of<\/span> \u1ea8m th\u1ef1c Vi\u1ec7t Nam<br \/>\n\u0111\u00e3 t\u1ea1o n\u00ean d\u1ea5u \u1ea5n ri\u00eang bi\u1ec7t cho \u1ea9m th\u1ef1c Vi\u1ec7t Nam.<br \/>\nT\u1eeb ngu\u1ed3n nguy\u00ean li\u1ec7u t\u01b0\u01a1i ngon m\u00e0 thi\u00ean nhi\u00ean ban t\u1eb7ng,<br \/>\nHOME mang \u0111\u1ebfn nh\u1eefng m\u00f3n \u0103n h\u00e0i h\u00f2a, \u0111\u1eadm \u0111\u00e0 h\u01b0\u01a1ng v\u1ecb. <span class=\"notion-enable-hover\" data-token-index=\"5\">Song song v\u1edbi s\u1ef1 s\u00e1ng t\u1ea1o,<\/span>\u00a0chu\u1ed7i nh\u00e0 h\u00e0ng HOME v\u1eabn gi\u1eef tr\u1ecdn v\u1eb9n b\u1ea3n s\u1eafc d\u00e2n t\u1ed9c trong t\u1eebng m\u00f3n \u0103n.<br \/>\n\u1ea8m th\u1ef1c Vi\u1ec7t Nam l\u00e0 s\u1ef1 c\u00e2n b\u1eb1ng tinh t\u1ebf gi\u1eefa v\u1ecb m\u1eb7n, ng\u1ecdt, chua v\u00e0 cay.<br \/>\nT\u1ea1i HOME, s\u1ef1 k\u1ebft h\u1ee3p kh\u00e9o l\u00e9o gi\u1eefa c\u00e1c nguy\u00ean li\u1ec7u v\u00e0 gia v\u1ecb gi\u00fap t\u00f4n l\u00ean h\u01b0\u01a1ng v\u1ecb \u0111\u1eb7c tr\u01b0ng, t\u1ea1o n\u00ean s\u1ee9c h\u1ea5p d\u1eabn ri\u00eang cho m\u1ed7i m\u00f3n \u0103n.<\/p>\n\n\t\t<\/div>\n\t<\/div>\n<\/div><\/div><\/div><\/div>\n<\/section>","protected":false},"excerpt":{"rendered":"The richness and diversity of common and unique characteristics of Vietnamese cuisine in three regions have created a unique feature. From the rich source of ingredients that nature provides, HOME always creates harmonious dishes from fresh and quality food. Although creative, HOME Vietnamese Restaurants always preserve\u00a0the national characteristics inherent in Vietnamese cuisine. Vietnamese dishes always ... <a title=\"M\u00f4 h\u00ecnh\" class=\"read-more\" href=\"https:\/\/homevietnameserestaurants.com\/vi\/concept\/\" aria-label=\"More on Concept\">\u0110\u1ecdc th\u00eam<\/a>","protected":false},"author":1,"featured_media":0,"parent":0,"menu_order":0,"comment_status":"closed","ping_status":"closed","template":"templates\/concept.php","meta":{"inline_featured_image":false},"acf":[],"_links":{"self":[{"href":"https:\/\/homevietnameserestaurants.com\/vi\/wp-json\/wp\/v2\/pages\/223"}],"collection":[{"href":"https:\/\/homevietnameserestaurants.com\/vi\/wp-json\/wp\/v2\/pages"}],"about":[{"href":"https:\/\/homevietnameserestaurants.com\/vi\/wp-json\/wp\/v2\/types\/page"}],"author":[{"embeddable":true,"href":"https:\/\/homevietnameserestaurants.com\/vi\/wp-json\/wp\/v2\/users\/1"}],"replies":[{"embeddable":true,"href":"https:\/\/homevietnameserestaurants.com\/vi\/wp-json\/wp\/v2\/comments?post=223"}],"version-history":[{"count":5,"href":"https:\/\/homevietnameserestaurants.com\/vi\/wp-json\/wp\/v2\/pages\/223\/revisions"}],"predecessor-version":[{"id":1069,"href":"https:\/\/homevietnameserestaurants.com\/vi\/wp-json\/wp\/v2\/pages\/223\/revisions\/1069"}],"wp:attachment":[{"href":"https:\/\/homevietnameserestaurants.com\/vi\/wp-json\/wp\/v2\/media?parent=223"}],"curies":[{"name":"wp","href":"https:\/\/api.w.org\/{rel}","templated":true}]}}