{"id":17,"date":"2023-02-26T05:53:51","date_gmt":"2023-02-26T05:53:51","guid":{"rendered":"https:\/\/homevietnameserestaurants.com\/?page_id=17"},"modified":"2024-04-13T03:48:13","modified_gmt":"2024-04-13T03:48:13","slug":"homepage","status":"publish","type":"page","link":"https:\/\/homevietnameserestaurants.com\/vi\/","title":{"rendered":"Homepage"},"content":{"rendered":"<h2 style=\"text-align: center;\">HOME<\/h2>\n<h1 style=\"text-align: center;\">NH\u00c0 H\u00c0NG TRUY\u1ec0N TH\u1ed0NG VI\u1ec6T NAM<\/h1>\n<p style=\"text-align: center;\"><em><strong>\"\u1ea8m th\u1ef1c l\u00e0 bi\u1ec3u t\u01b0\u1ee3ng c\u1ee7a t\u00ecnh y\u00eau khi ng\u00f4n t\u1eeb kh\u00f4ng th\u1ec3 di\u1ec5n t\u1ea3.\"<\/strong><\/em><br \/>\n<em><strong>\u2013 Alan D. Wolfelt \u2013<\/strong><\/em><\/p>\n<p style=\"text-align: center;\"><span style=\"font-weight: 400;\">Ch\u00e0o m\u1eebng b\u1ea1n \u0111\u1ebfn v\u1edbi HOME, n\u01a1i tinh hoa \u1ea9m th\u1ef1c Vi\u1ec7t Nam \u0111\u01b0\u1ee3c t\u00e1i hi\u1ec7n s\u1ed1ng \u0111\u1ed9ng trong t\u1eebng m\u00f3n \u0103n.<\/span><br \/>\n<span style=\"font-weight: 400;\">T\u1ea1i HOME, m\u1ed7i m\u00f3n \u0103n \u0111\u1ec1u \u0111\u01b0\u1ee3c ch\u1ebf bi\u1ebfn t\u1ec9 m\u1ec9 <\/span><span style=\"font-weight: 400;\"><br \/>\n\u0111\u1ec3 t\u00f4n vinh di s\u1ea3n \u1ea9m th\u1ef1c phong ph\u00fa c\u1ee7a d\u00e2n t\u1ed9c.<br \/>\nH\u00e0nh tr\u00ecnh \u1ea9m th\u1ef1c n\u01a1i \u0111\u00e2y kh\u00f4ng ch\u1ec9 l\u00e0 s\u1ef1 h\u00f2a quy\u1ec7n tinh t\u1ebf gi\u1eefa h\u01b0\u01a1ng v\u1ecb, m\u00e0u s\u1eafc v\u00e0 m\u00f9i th\u01a1m,<\/span><br \/>\n<span style=\"font-weight: 400;\">m\u00e0 c\u00f2n mang \u0111\u1ebfn cho b\u1ea1n m\u1ed9t tr\u1ea3i nghi\u1ec7m tr\u1ecdn v\u1eb9n<br \/>\n- t\u1eeb d\u01b0 v\u1ecb l\u00f4i cu\u1ed1n, kh\u00f4ng gian \u1ea5m c\u00fang \u0111\u1ebfn nh\u1eefng c\u1ea3m x\u00fac th\u0103ng hoa kh\u00f3 qu\u00ean.<br \/>\n<\/span><\/p>","protected":false},"excerpt":{"rendered":"<p>HOME AUTHENTIC VIETNAMESE RESTAURANT \u201cFood is symbolic of love when words are inadequate.&#8221; &#8211; Alan D. Wolfelt &#8211; Welcome to HOME, where the heart of Vietnam comes alive on your plate. With each dish meticulously crafted to honor the rich culinary heritage of Vietnam, HOME takes you on a gastronomic adventure that celebrates the richness &#8230; <a title=\"Homepage\" class=\"read-more\" href=\"https:\/\/homevietnameserestaurants.com\/vi\/\" aria-label=\"More on Homepage\">\u0110\u1ecdc th\u00eam<\/a><\/p>","protected":false},"author":1,"featured_media":0,"parent":0,"menu_order":0,"comment_status":"closed","ping_status":"closed","template":"templates\/homepage.php","meta":{"inline_featured_image":false},"acf":[],"_links":{"self":[{"href":"https:\/\/homevietnameserestaurants.com\/vi\/wp-json\/wp\/v2\/pages\/17"}],"collection":[{"href":"https:\/\/homevietnameserestaurants.com\/vi\/wp-json\/wp\/v2\/pages"}],"about":[{"href":"https:\/\/homevietnameserestaurants.com\/vi\/wp-json\/wp\/v2\/types\/page"}],"author":[{"embeddable":true,"href":"https:\/\/homevietnameserestaurants.com\/vi\/wp-json\/wp\/v2\/users\/1"}],"replies":[{"embeddable":true,"href":"https:\/\/homevietnameserestaurants.com\/vi\/wp-json\/wp\/v2\/comments?post=17"}],"version-history":[{"count":5,"href":"https:\/\/homevietnameserestaurants.com\/vi\/wp-json\/wp\/v2\/pages\/17\/revisions"}],"predecessor-version":[{"id":997,"href":"https:\/\/homevietnameserestaurants.com\/vi\/wp-json\/wp\/v2\/pages\/17\/revisions\/997"}],"wp:attachment":[{"href":"https:\/\/homevietnameserestaurants.com\/vi\/wp-json\/wp\/v2\/media?parent=17"}],"curies":[{"name":"wp","href":"https:\/\/api.w.org\/{rel}","templated":true}]}}