{"id":1026,"date":"2024-10-04T09:14:13","date_gmt":"2024-10-04T09:14:13","guid":{"rendered":"https:\/\/homevietnameserestaurants.com\/?page_id=1026"},"modified":"2026-02-27T04:33:32","modified_gmt":"2026-02-27T04:33:32","slug":"menu","status":"publish","type":"page","link":"https:\/\/homevietnameserestaurants.com\/vi\/menu\/","title":{"rendered":"Th\u1ef1c \u0111\u01a1n"},"content":{"rendered":"<section class=\"wpb-content-wrapper\"><div class=\"vc_row wpb_row vc_row-fluid\"><div class=\"wpb_column vc_column_container vc_col-sm-12\"><div class=\"vc_column-inner\"><div class=\"wpb_wrapper\">\n\t<div class=\"wpb_text_column wpb_content_element\" >\n\t\t<div class=\"wpb_wrapper\">\n\t\t\t<h2 style=\"text-align: center;\"><span style=\"font-size: 36pt;\"><strong>\u1ea8M TH\u1ef0C HOME<\/strong><\/span><\/h2>\n<p style=\"text-align: center;\"><span style=\"font-size: 12pt;\">S\u1ef1 gi\u00e0u c\u00f3 v\u00e0 \u0111a d\u1ea1ng c\u1ee7a \u1ea9m th\u1ef1c ba mi\u1ec1n<br \/>\n\u0111\u00e3 t\u1ea1o n\u00ean m\u1ed9t b\u1ee9c tranh \u1ea9m th\u1ef1c Vi\u1ec7t Nam \u0111\u1ed9c \u0111\u00e1o, \u0111\u1ea7y m\u00e0u s\u1eafc v\u00e0 n\u1ed5i danh tr\u00ean to\u00e0n th\u1ebf gi\u1edbi.<\/span><br \/>\n<span style=\"font-size: 12pt;\">HOME mang \u0111\u1ebfn s\u1ef1 k\u1ebft h\u1ee3p h\u00e0i h\u00f2a gi\u1eefa c\u00e1c m\u00f3n \u0103n truy\u1ec1n th\u1ed1ng v\u00e0 k\u1ef9 thu\u1eadt ch\u1ebf bi\u1ebfn hi\u1ec7n \u0111\u1ea1i.<\/span><br \/>\n<span style=\"font-size: 12pt;\">HOME mang \u0111\u1ebfn s\u1ef1 k\u1ebft h\u1ee3p h\u00e0i h\u00f2a gi\u1eefa c\u00e1c m\u00f3n \u0103n truy\u1ec1n th\u1ed1ng v\u00e0 k\u1ef9 thu\u1eadt ch\u1ebf bi\u1ebfn hi\u1ec7n \u0111\u1ea1i.<\/span><br \/>\n<span style=\"font-size: 12pt;\">V\u1edbi th\u1ef1c \u0111\u01a1n \u0111\u1eb7c bi\u1ec7t g\u1ed3m 40 m\u00f3n \u0103n kinh \u0111i\u1ec3n l\u1ea5y c\u1ea3m h\u1ee9ng t\u1eeb c\u00f4ng th\u1ee9c truy\u1ec1n th\u1ed1ng, HOME d\u1eabn d\u1eaft th\u1ef1c kh\u00e1ch b\u01b0\u1edbc v\u00e0o h\u00e0nh tr\u00ecnh kh\u00e1m ph\u00e1 tinh hoa \u1ea9m th\u1ef1c Vi\u1ec7t \u0111\u1ea7y th\u00fa v\u1ecb. Ch\u00fang t\u00f4i mong mu\u1ed1n gi\u1edbi thi\u1ec7u h\u01b0\u01a1ng v\u1ecb Vi\u1ec7t Nam \u0111\u1ebfn b\u1ea1n b\u00e8 qu\u1ed1c t\u1ebf, \u0111\u1ec3 h\u1ecd c\u00f3 th\u1ec3 c\u1ea3m nh\u1eadn \u0111\u01b0\u1ee3c tr\u1ecdn v\u1eb9n s\u1ef1 tinh t\u00fay c\u1ee7a n\u1ec1n \u1ea9m th\u1ef1c n\u00e0y.<\/span><\/p>\n<h2 style=\"text-align: center;\"><span style=\"font-size: 36pt;\"><strong>NGUY\u00caN LI\u1ec6U HOME<\/strong><\/span><\/h2>\n<p style=\"text-align: center;\"><span style=\"font-size: 12pt;\">T\u1ea1i HOME, m\u1ecdi nguy\u00ean li\u1ec7u \u0111\u1ec1u \u0111\u01b0\u1ee3c \u0111\u1ea3m b\u1ea3o ngu\u1ed3n g\u1ed1c v\u00e0 ch\u1ea5t l\u01b0\u1ee3ng t\u1ed1t nh\u1ea5t, gi\u00fap th\u1ef1c kh\u00e1ch c\u00f3 th\u1ec3 c\u1ea3m nh\u1eadn \u0111\u01b0\u1ee3c h\u01b0\u01a1ng v\u1ecb nguy\u00ean b\u1ea3n c\u1ee7a \u1ea9m th\u1ef1c Vi\u1ec7t.<\/span><br \/>\n<span style=\"font-size: 12pt;\">T\u1eeb c\u00e1c lo\u1ea1i rau th\u01a1m, gia v\u1ecb \u0111\u1ebfn th\u1ecbt c\u00e1, rau c\u1ee7, m\u1ed7i nguy\u00ean li\u1ec7u \u0111\u1ec1u \u0111\u01b0\u1ee3c tuy\u1ec3n ch\u1ecdn k\u1ef9 l\u01b0\u1ee1ng, t\u1ea1o n\u00ean nh\u1eefng m\u00f3n \u0103n kh\u00f4ng ch\u1ec9 ngon mi\u1ec7ng m\u00e0 c\u00f2n \u0111\u00e1ng nh\u1edb.<\/span><\/p>\n\n\t\t<\/div>\n\t<\/div>\n<\/div><\/div><\/div><\/div><div class=\"vc_row wpb_row vc_row-fluid vc_custom_1728034037932 vc_row-has-fill vc_row-o-equal-height vc_row-flex\"><div class=\"wpb_column vc_column_container vc_col-sm-12\"><div class=\"vc_column-inner\"><div class=\"wpb_wrapper\"><div id=\"hanoi\" class=\"vc_wp_text wpb_content_element\"><div class=\"widget widget_text\">\t\t\t<div class=\"textwidget\"><\/p>\n<h2 class=\"page_heading_big lower text_center text_primary\" style=\"text-align: center;\">TH\u1ef0C \u0110\u01a0N HOME H\u00c0 N\u1ed8I<\/h2>\n<h3 style=\"text-align: center;\">A-LA-CARTE<\/h3>\n<h4 style=\"text-align: center;\">M\u00d3N \u0102N \u0110\u1eb6C TR\u01afNG<\/h4>\n<p>\n<\/div>\n\t\t<\/div><\/div>\n\t<div class=\"wpb_raw_code wpb_content_element wpb_raw_html\" >\n\t\t<div class=\"wpb_wrapper\">\n\t\t\t<iframe src=\"https:\/\/drive.google.com\/file\/d\/1sKOy1QZzqciYSzSX99mEVHmMjhdpePIS\/preview\" width=\"100%\" height=\"720\" allow=\"autoplay\" align=\"center\"><\/iframe>\n\t\t<\/div>\n\t<\/div>\n<\/div><\/div><\/div><\/div><div class=\"vc_row wpb_row vc_row-fluid\"><div class=\"wpb_column vc_column_container vc_col-sm-12\"><div class=\"vc_column-inner\"><div class=\"wpb_wrapper\"><div class=\"vc_empty_space  vc_custom_1728034418547\"   style=\"height: 32px\"><span class=\"vc_empty_space_inner\"><\/span><\/div><\/div><\/div><\/div><\/div><div class=\"vc_row wpb_row vc_row-fluid vc_custom_1728034037932 vc_row-has-fill vc_row-o-equal-height vc_row-flex\"><div class=\"wpb_column vc_column_container vc_col-sm-12\"><div class=\"vc_column-inner\"><div class=\"wpb_wrapper\"><div id=\"hoian\" class=\"vc_wp_text wpb_content_element\"><div class=\"widget widget_text\">\t\t\t<div class=\"textwidget\"><\/p>\n<h2 class=\"page_heading_big lower text_center text_primary\" style=\"text-align: center;\">TH\u1ef0C \u0110\u01a0N HOME H\u1ed8I AN<\/h2>\n<h3 style=\"text-align: center;\">A-LA-CARTE<\/h3>\n<h4 style=\"text-align: center;\">M\u00d3N \u0102N \u0110\u1eb6C TR\u01afNG<\/h4>\n<p>\n<\/div>\n\t\t<\/div><\/div>\n\t<div class=\"wpb_raw_code wpb_content_element wpb_raw_html\" >\n\t\t<div class=\"wpb_wrapper\">\n\t\t\t<iframe src=\"https:\/\/drive.google.com\/file\/d\/1D7x4uVSaBrmZ6lYoncFGHqoyd1aXBCY6\/preview\" width=\"100%\" height=\"720\" allow=\"autoplay\" align=\"center\"><\/iframe>\n\t\t<\/div>\n\t<\/div>\n<\/div><\/div><\/div><\/div><div class=\"vc_row wpb_row vc_row-fluid\"><div class=\"wpb_column vc_column_container vc_col-sm-12\"><div class=\"vc_column-inner\"><div class=\"wpb_wrapper\"><div class=\"vc_empty_space  vc_custom_1728034418547\"   style=\"height: 32px\"><span class=\"vc_empty_space_inner\"><\/span><\/div><\/div><\/div><\/div><\/div><div class=\"vc_row wpb_row vc_row-fluid vc_custom_1728034037932 vc_row-has-fill vc_row-o-equal-height vc_row-flex\"><div class=\"wpb_column vc_column_container vc_col-sm-12\"><div class=\"vc_column-inner\"><div class=\"wpb_wrapper\"><div id=\"saigon\" class=\"vc_wp_text wpb_content_element\"><div class=\"widget widget_text\">\t\t\t<div class=\"textwidget\"><\/p>\n<h2 class=\"page_heading_big lower text_center text_primary\" style=\"text-align: center;\">TH\u1ef0C \u0110\u01a0N HOME S\u00c0I G\u00d2N<\/h2>\n<h3 style=\"text-align: center;\">A-LA-CARTE<\/h3>\n<h4 style=\"text-align: center;\">M\u00d3N \u0102N \u0110\u1eb6C TR\u01afNG<\/h4>\n<p>\n<\/div>\n\t\t<\/div><\/div>\n\t<div class=\"wpb_raw_code wpb_content_element wpb_raw_html\" >\n\t\t<div class=\"wpb_wrapper\">\n\t\t\t<iframe src=\"https:\/\/drive.google.com\/file\/d\/1t51_uX8WjBRgGat7mU6xsApZYwXYK5Ut\/preview\" width=\"100%\" height=\"720\" allow=\"autoplay\" align=\"center\"><\/iframe>\n\n\t\t<\/div>\n\t<\/div>\n<\/div><\/div><\/div><\/div><div class=\"vc_row wpb_row vc_row-fluid vc_row-o-content-middle vc_row-flex\"><div class=\"wpb_column vc_column_container vc_col-sm-12\"><div class=\"vc_column-inner\"><div class=\"wpb_wrapper\"><div class=\"vc_btn3-container vc_btn3-center vc_custom_1728037148233\" ><a style=\"background-color:#a18972; color:#ffffff;\" class=\"vc_general vc_btn3 vc_btn3-size-lg vc_btn3-shape-round vc_btn3-style-custom\" href=\"https:\/\/homevietnameserestaurants.com\/vi\/contact\/\" title=\"\">\u0110\u1eb6T B\u00c0N NGAY<\/a><\/div><\/div><\/div><\/div><\/div>\n<\/section>","protected":false},"excerpt":{"rendered":"HOME CUISINE The rich and diverse characteristics of Vietnamese cuisine in the three regions have created a unique and vibrant culinary landscape that is renowned worldwide. HOME offers a great mix of traditional Vietnamese dishes and modern cooking techniques. HOME created special menus that will take you on a culinary trip via 40 classic Vietnamese ... <a title=\"Th\u1ef1c \u0111\u01a1n\" class=\"read-more\" href=\"https:\/\/homevietnameserestaurants.com\/vi\/menu\/\" aria-label=\"More on Menu\">\u0110\u1ecdc th\u00eam<\/a>","protected":false},"author":5,"featured_media":0,"parent":0,"menu_order":0,"comment_status":"closed","ping_status":"closed","template":"templates\/menu.php","meta":{"inline_featured_image":false},"acf":[],"_links":{"self":[{"href":"https:\/\/homevietnameserestaurants.com\/vi\/wp-json\/wp\/v2\/pages\/1026"}],"collection":[{"href":"https:\/\/homevietnameserestaurants.com\/vi\/wp-json\/wp\/v2\/pages"}],"about":[{"href":"https:\/\/homevietnameserestaurants.com\/vi\/wp-json\/wp\/v2\/types\/page"}],"author":[{"embeddable":true,"href":"https:\/\/homevietnameserestaurants.com\/vi\/wp-json\/wp\/v2\/users\/5"}],"replies":[{"embeddable":true,"href":"https:\/\/homevietnameserestaurants.com\/vi\/wp-json\/wp\/v2\/comments?post=1026"}],"version-history":[{"count":13,"href":"https:\/\/homevietnameserestaurants.com\/vi\/wp-json\/wp\/v2\/pages\/1026\/revisions"}],"predecessor-version":[{"id":1380,"href":"https:\/\/homevietnameserestaurants.com\/vi\/wp-json\/wp\/v2\/pages\/1026\/revisions\/1380"}],"wp:attachment":[{"href":"https:\/\/homevietnameserestaurants.com\/vi\/wp-json\/wp\/v2\/media?parent=1026"}],"curies":[{"name":"wp","href":"https:\/\/api.w.org\/{rel}","templated":true}]}}